{"id":21,"date":"2019-11-27T20:25:17","date_gmt":"2019-11-27T19:25:17","guid":{"rendered":"http:\/\/glasereiguenther.de\/?page_id=21"},"modified":"2020-03-12T17:45:47","modified_gmt":"2020-03-12T16:45:47","slug":"home","status":"publish","type":"page","link":"https:\/\/glasereiguenther.de\/","title":{"rendered":""},"content":{"rendered":"\nngg_shortcode_0_placeholder\n\n\n\n<p><strong>Tradition auf der H\u00f6he der Zeit<\/strong><\/p>\n\n\n\n<p>Die Glaserei G\u00fcnther wurde 1978 durch \u00dcbernahme eines Lehrbetriebes auf dem Britzer Damm gegr\u00fcndet &#8211; seit \u00fcber 30 Jahren sind wir der Meister- und Innungsbetrieb des Vertrauens in Buckow und Umgebung. Wie es sich f\u00fcr ein traditionelles Familienunternehmen geh\u00f6rt, sind auch wir mit der Zeit gegangen und haben uns gewandelt: Aus der ehemaligen \u201eHinterhofglaserei\u201c ist ein Fachbetrieb gewachsen, der viel mehr kann als Glasbruch reparieren.<br><br>Ganz nach unserem Motto &#8222;<strong>G\u00fcnther gibt Glas<\/strong>&#8220; bieten wir meisterliche Kompetenz auch bei Sonnen- und W\u00e4rmeschutz, Brand- und Einbruchschutz, Vord\u00e4chern, Winterg\u00e4rten, Jalousien, Markisen, Duschkabinen, Spiegelw\u00e4nden und Insektenschutz. Rahmen, Spiegel und andere sch\u00f6ne Accessoires f\u00fcr behagliches Wohnen runden unser Angebot ab.<br><br>1990 haben wir uns ein zweites Standbein geschaffen: den Vertrieb und die komplette Montage von Fenster und T\u00fcren. Speziell im Bereich Kunststoff- und Alufenster haben wir uns einen Namen gemacht und sind inzwischen einer der gr\u00f6\u00dften Fenstersanierer Berlins.<br><br><strong>Idealer Partner f\u00fcr Bauherrn und Privatkunden<\/strong><br><br>Durch Kooperationen mit anerkannten Fachbetrieben konnten wir unser Leistungsspektrum weiter ausbauen. Unsere Kunden danken uns mit ihrem Vertrauen und vielf\u00e4ltigen Aufgaben \u2013 nunmehr auch im Baubereich. Mit Gr\u00fcndung der \u201eM. G\u00fcnther Bauregie GmbH\u201c und der \u201eBDL-Berlin Baudienstleistungen\u201c bieten wir Planung, Beratung und General\u00fcbernahme von Modernisierungs- und Instandsetzungsobjekten sowie die Koordination von Bauauftr\u00e4gen.<br><br>Als sozial verantwortliches Unternehmen geben wir dem Handwerker-Nachwuchs eine Chance. Unsere Azubis sind flink, flexibel und auf den Punkt genau \u2013 so wie es sich f\u00fcr echte \u201eG\u00fcnther\u201c-Mitarbeiter geh\u00f6rt.<br>Verantwortung f\u00fcr unseren Kiez \u00fcbernehmen wir auch durch die F\u00f6rderung von sportlichen Aktivit\u00e4ten und sozialen, schulischen und kirchlichen Projekten. So sponsern wir die Fu\u00dfballer von&nbsp;<a href=\"http:\/\/www.sternbritz.de\/\" target=\"_blank\" rel=\"noreferrer noopener\">Stern Britz<\/a>&nbsp;und&nbsp;<a href=\"http:\/\/www.svbuckow.de\/\" target=\"_blank\" rel=\"noreferrer noopener\">SV Buckow<\/a>&nbsp;und unterst\u00fctzen die Arbeit der&nbsp;<a href=\"http:\/\/www.grundschule-am-sandsteinweg.de\/\" target=\"_blank\" rel=\"noreferrer noopener\">Grundschule am Sandsteinweg<\/a>&nbsp;und der&nbsp;<a href=\"http:\/\/www.dorfkirche.de\/\" target=\"_blank\" rel=\"noreferrer noopener\">Dorfkirche Alt-Buckow<\/a>.<br><br><strong>Soziale Verantwortung schreiben wir gro\u00df<\/strong><br><br>Ein Projekt lieg uns besonders am Herzen, das \u201e<strong>Florian Geyer Kinderheim<\/strong>\u201c in Adlershof.<br>Hier k\u00fcmmert man sich um fast 100 Kinder und Jugendliche vom Kleinstkind bis zu 16-J\u00e4hrigen. Die meisten der in verschiedenen Einrichtungen betreuten jungen Menschen stammen aus sehr schwierigen sozialen Verh\u00e4ltnissen, viele haben drogenabh\u00e4ngige Eltern. Die staatliche Einrichtung bem\u00fcht sich, den Heranwachsenden einen halbwegs fairen Start ins Leben zu erm\u00f6glichen und ist f\u00fcr jede Unterst\u00fctzung dankbar.<br><br>Das Sozialprojekt unterh\u00e4lt u. a. eine Heimgruppe, eine Gruppe mit 12 Pl\u00e4tzen f\u00fcr Kleinstkinder bis 6 Jahren, eine Wohngemeinschaft und betreutes Einzelwohnen f\u00fcr Jugendliche ab 15 Jahren, eine Gruppe f\u00fcr junge M\u00fctter mit ihren Kindern einschlie\u00dflich Kinderbetreuung sowie ein sozialp\u00e4dagogisches Lernprojekt f\u00fcr Kinder und Jugendliche ab 7 Jahren.<br><br>Bislang konnten wir Spenden im Wert von rund 60.000 Euro beschaffen. Darunter sind auch Sachspenden wie Computer oder die Organisation eines Erlebnistages mit Pferden, der ein wenig Freude in das Leben der Kinder gebracht hat.<br><br>Wenn auch Sie helfen wollen: Nehmen Sie einfach Kontakt zu uns auf!<br><br>Ihre Glaserei G\u00fcnther<\/p>\n\n\n\n<p><br><strong>Glaser-Prosa<\/strong><br><br><em>Alle Menschen m\u00fcssen sterben, nur der alte Glaser nicht,<br>er besteht aus Kitt und Scherben und die fri\u00dft der Teufel nicht!<\/em><\/p>\n","protected":false},"excerpt":{"rendered":"","protected":false},"author":1,"featured_media":0,"parent":0,"menu_order":0,"comment_status":"closed","ping_status":"closed","template":"","meta":{"ngg_post_thumbnail":0,"footnotes":""},"class_list":["post-21","page","type-page","status-publish","hentry"],"_links":{"self":[{"href":"https:\/\/glasereiguenther.de\/index.php?rest_route=\/wp\/v2\/pages\/21","targetHints":{"allow":["GET"]}}],"collection":[{"href":"https:\/\/glasereiguenther.de\/index.php?rest_route=\/wp\/v2\/pages"}],"about":[{"href":"https:\/\/glasereiguenther.de\/index.php?rest_route=\/wp\/v2\/types\/page"}],"author":[{"embeddable":true,"href":"https:\/\/glasereiguenther.de\/index.php?rest_route=\/wp\/v2\/users\/1"}],"replies":[{"embeddable":true,"href":"https:\/\/glasereiguenther.de\/index.php?rest_route=%2Fwp%2Fv2%2Fcomments&post=21"}],"version-history":[{"count":6,"href":"https:\/\/glasereiguenther.de\/index.php?rest_route=\/wp\/v2\/pages\/21\/revisions"}],"predecessor-version":[{"id":106,"href":"https:\/\/glasereiguenther.de\/index.php?rest_route=\/wp\/v2\/pages\/21\/revisions\/106"}],"wp:attachment":[{"href":"https:\/\/glasereiguenther.de\/index.php?rest_route=%2Fwp%2Fv2%2Fmedia&parent=21"}],"curies":[{"name":"wp","href":"https:\/\/api.w.org\/{rel}","templated":true}]}}