{"id":19,"date":"2019-11-26T15:22:58","date_gmt":"2019-11-26T14:22:58","guid":{"rendered":"http:\/\/glasereiguenther.de\/?page_id=19"},"modified":"2019-11-26T15:22:58","modified_gmt":"2019-11-26T14:22:58","slug":"rollaeden-und-jalousien","status":"publish","type":"page","link":"https:\/\/glasereiguenther.de\/?page_id=19","title":{"rendered":"Roll\u00e4den und Jalousien"},"content":{"rendered":"\n<p>Von licht bis dicht: F\u00fcr jedes Fenster das passende Kleid. Wir bieten professionelle Planung, Beratung, Montage, Ma\u00dfanfertigungen, Service und Reparaturen.Rolll\u00e4den<\/p>\n\n\n\n<h4 class=\"wp-block-heading\">Let it Roll<\/h4>\n\n\n\n<p>Rolll\u00e4den als Sonnen- oder sogar als Einbruchschutz bestehen in der Regel aus Holz, Kunststoff oder Aluminium. Sie wirken w\u00e4rmed\u00e4mmend und sparen Energiekosten. Sie bieten einen effektiven Schall- und L\u00e4rmschutz, der durch spezielle Einlagen noch verst\u00e4rkt werden kann.Ausf\u00fchrung von Reparaturen<\/p>\n\n\n\n<h4 class=\"wp-block-heading\">Ausf\u00fchrung von Reparaturen<\/h4>\n\n\n\n<p>Umr\u00fcstung auf Elektroantrieb<\/p>\n\n\n\n<h4 class=\"wp-block-heading\">Herk\u00f6mmliche Rolll\u00e4den funktionieren mit Kurbel, Schnur oder Gurt<\/h4>\n\n\n\n<p>Wir r\u00fcsten auf den komfortablen Elektroantrieb um \u2013 damit Ihnen alles leichter von der Hand geht.Abdichten von Rolll\u00e4den-K\u00e4sten<\/p>\n\n\n\n<h4 class=\"wp-block-heading\">Wenn\u2019s durch den Rollladen zieht, wird\u2019s meist teuer<\/h4>\n\n\n\n<p>Eine Abdichtung und Sanierung der Gurtf\u00fchrung verbessert die W\u00e4rmed\u00e4mmung und vermindert die Heizkosten. Und Insekten m\u00fcssen sich andere Unterk\u00fcnfte suchen.<\/p>\n\n\n\n<p>Vorsatzrolll\u00e4den<br>Rollladen-Vorbauelemente (bei Nachr\u00fcstung)<\/p>\n\n\n\n<h4 class=\"wp-block-heading\">Vorsatzrolll\u00e4den bzw. Vorbauelemente eignen sich sowohl f\u00fcr den Neubau als auch zur Nachr\u00fcstung<\/h4>\n\n\n\n<p>Der Rollladen-Kasten wird direkt vor das Fenster montiert. Es entstehen keine K\u00e4ltebr\u00fccken. Passend zu jeder Fassade, in vielen Farben lieferbar.<\/p>\n\n\n\n<figure class=\"wp-block-image\"><img decoding=\"async\" src=\"http:\/\/glaserei-guenther.de\/cms\/media\/164\/77_rollos104x103.jpg\" alt=\"\"\/><\/figure>\n\n\n\n<p>Rollos<br>Rollos auf Ma\u00df, individuelle Fertigung<\/p>\n\n\n\n<h4 class=\"wp-block-heading\">Rollos sind zeitlose Klassiker \u2013 ungemein praktisch und au\u00dferordentlich dekorativ<\/h4>\n\n\n\n<p>Als Schnapp-, Spring- oder Kettenzugrollo, in vielen Farben und Formen, auch f\u00fcr Velux-Fenster.<\/p>\n\n\n\n<figure class=\"wp-block-image\"><img decoding=\"async\" src=\"http:\/\/glaserei-guenther.de\/cms\/media\/165\/78_jalousienmass104x103.jpg\" alt=\"\"\/><\/figure>\n\n\n\n<p>Jalousien<\/p>\n\n\n\n<h4 class=\"wp-block-heading\">Einblick nach Ma\u00df<\/h4>\n\n\n\n<p>Sie bestimmen, wieviel Licht den Raum erhellt. Doch Jalousien sind heutzutage viel mehr als nur ein Blickschutz. Mit ihrer K\u00fchle und Klarheit pr\u00e4gen sie die r\u00e4umliche Atmosph\u00e4re und das moderne Wohngef\u00fchl. Ob metallisch-gl\u00e4nzend, aus Holz, Kunststoff oder Gewebe, mit Kettenzug oder in Schnur-Stab-Variante \u2013 Ihr Geschmack entscheidet!Fl\u00e4chenvorh\u00e4nge<\/p>\n\n\n\n<h4 class=\"wp-block-heading\">Gro\u00dffl\u00e4chige Stoffbahnen geben Ihren R\u00e4umen Farbe und Charakter<\/h4>\n\n\n\n<p>Attraktive Variationen und Lichteffekte von transparent bis intensiv durch verschieben und \u00fcberlagern. Verleihen Sie Ihrem Stil Ausdruck: Individuelle Muster und Motive durch Laser-Cut und Digi-Print.Lamellenvorh\u00e4nge<\/p>\n\n\n\n<h4 class=\"wp-block-heading\">Praktisch f\u00fcr Praxen, B\u00fcros und privat<\/h4>\n\n\n\n<p>Keine st\u00f6renden Spiegelungen mehr, stufenlose Regelung je nach Sonnenstand. Spezielle Ausf\u00fchrungen: schwer entflammbar, schmutz- und feuchtigkeitsabweisend, antibakteriell, reflektierend. Laser-Cut auf Anfrage.Raffrollos<\/p>\n\n\n\n<h4 class=\"wp-block-heading\">Farbtupfer f\u00fcr Ihre Fenster<\/h4>\n\n\n\n<p>Von elegant bis extravagant. Sie k\u00f6nnen aus jedem Gardinenstoff ma\u00dfgefertigt werden. Wir stehen Ihnen mit Rat und Tat zur Seite.<\/p>\n\n\n\n<figure class=\"wp-block-image\"><img decoding=\"async\" src=\"http:\/\/glaserei-guenther.de\/cms\/media\/169\/79_plissee_faltstore104x103.jpg\" alt=\"\"\/><\/figure>\n\n\n\n<p>Faltstores<br>Plissee-Stores<\/p>\n\n\n\n<h4 class=\"wp-block-heading\">Die farbenfrohe Viel-Falt<\/h4>\n\n\n\n<p>Ob schr\u00e4g, abgewinkelt oder halbrund \u2013 f\u00fcr fast jede Fensterform machen wir den Stoff passend.\n\n<\/p>\n","protected":false},"excerpt":{"rendered":"","protected":false},"author":1,"featured_media":0,"parent":0,"menu_order":0,"comment_status":"closed","ping_status":"closed","template":"","meta":{"ngg_post_thumbnail":0,"footnotes":""},"class_list":["post-19","page","type-page","status-publish","hentry"],"_links":{"self":[{"href":"https:\/\/glasereiguenther.de\/index.php?rest_route=\/wp\/v2\/pages\/19","targetHints":{"allow":["GET"]}}],"collection":[{"href":"https:\/\/glasereiguenther.de\/index.php?rest_route=\/wp\/v2\/pages"}],"about":[{"href":"https:\/\/glasereiguenther.de\/index.php?rest_route=\/wp\/v2\/types\/page"}],"author":[{"embeddable":true,"href":"https:\/\/glasereiguenther.de\/index.php?rest_route=\/wp\/v2\/users\/1"}],"replies":[{"embeddable":true,"href":"https:\/\/glasereiguenther.de\/index.php?rest_route=%2Fwp%2Fv2%2Fcomments&post=19"}],"version-history":[{"count":1,"href":"https:\/\/glasereiguenther.de\/index.php?rest_route=\/wp\/v2\/pages\/19\/revisions"}],"predecessor-version":[{"id":20,"href":"https:\/\/glasereiguenther.de\/index.php?rest_route=\/wp\/v2\/pages\/19\/revisions\/20"}],"wp:attachment":[{"href":"https:\/\/glasereiguenther.de\/index.php?rest_route=%2Fwp%2Fv2%2Fmedia&parent=19"}],"curies":[{"name":"wp","href":"https:\/\/api.w.org\/{rel}","templated":true}]}}