{"id":17,"date":"2019-11-26T15:19:57","date_gmt":"2019-11-26T14:19:57","guid":{"rendered":"http:\/\/glasereiguenther.de\/?page_id=17"},"modified":"2019-11-26T15:19:57","modified_gmt":"2019-11-26T14:19:57","slug":"markisen-und-beschattung","status":"publish","type":"page","link":"https:\/\/glasereiguenther.de\/?page_id=17","title":{"rendered":"Markisen und Beschattung"},"content":{"rendered":"\n<div class=\"wp-block-group\"><div class=\"wp-block-group__inner-container is-layout-flow wp-block-group-is-layout-flow\">\n<h4 class=\"wp-block-heading\">Markisen &amp; Beschattungen<\/h4>\n<\/div><\/div>\n\n\n\n<div class=\"wp-block-group\"><div class=\"wp-block-group__inner-container is-layout-flow wp-block-group-is-layout-flow\">\n<div class=\"wp-block-group\"><div class=\"wp-block-group__inner-container is-layout-flow wp-block-group-is-layout-flow\">\n<p>Sonnenschein kann auch l\u00e4stig sein. Wo Licht ist, gibt\u2019s auch Schatten \u2013 Sie bestimmen, wo und wann!&nbsp;<\/p>\n<\/div><\/div>\n<\/div><\/div>\n\n\n\n<figure class=\"wp-block-image\"><img decoding=\"async\" src=\"http:\/\/glaserei-guenther.de\/cms\/media\/152\/83_teleskopmarkisen104x103.jpg\" alt=\"\"\/><\/figure>\n\n\n\n<p>Gelenkarm- und Teleskopmarkisen<\/p>\n\n\n\n<h4 class=\"wp-block-heading\">Auf charmante Art Schatten spenden<\/h4>\n\n\n\n<p>Unsere Markisen sind bekannt f\u00fcr ihre \u201e\u00fcber-ragenden\u201c Leistungen. Die solide Gelenkarmtechnik bietet ein attraktives Preis-Leistungs-Verh\u00e4ltnis. Gut geeignet f\u00fcr schmale Markisen mit gro\u00dfer Ausladung, etwa in schmalen Nischen. Auch mit zweitem Fallwinkel f\u00fcr den Einsatz bei tiefstehender Sonne lieferbar.<br>Teleskopmarkisen zeichnen sich durch eine optimale Tuchspannung aus. Sie sind \u00e4u\u00dferst stabil und windbest\u00e4ndig.<br>Alle Markisen-Modelle sind einfach an Wand, Decke, Nische oder Dachsparren zu montieren. Optional mit Motor und Funk-Fernbedienung, auch im Jumbo-Format (bis 5 Meter Ausladung).<\/p>\n\n\n\n<figure class=\"wp-block-image\"><img decoding=\"async\" src=\"http:\/\/glaserei-guenther.de\/cms\/media\/153\/82_pergolaregenschutz104x103.jpg\" alt=\"\"\/><\/figure>\n\n\n\n<p>Markisen als Regenschutz<\/p>\n\n\n\n<h4 class=\"wp-block-heading\">Es regnet, es regnet, die Erde wird nass \u2013 aber nicht unter unseren Spezial-Markisen<\/h4>\n\n\n\n<p>Ein wasserdichtes PVC-Tuch sorgt f\u00fcr effektiven Schutz selbst bei starkem Regen. Beliebt in der Gastronomie sowie f\u00fcr den privaten Gebrauch.<\/p>\n\n\n\n<figure class=\"wp-block-image\"><img decoding=\"async\" src=\"http:\/\/glaserei-guenther.de\/cms\/media\/154\/81_markise_senkrecht104x103.jpg\" alt=\"\"\/><\/figure>\n\n\n\n<p>Fassadenmarkisen, auch senkrecht oder mit Fallarm<\/p>\n\n\n\n<h4 class=\"wp-block-heading\">Von einfach bis klassisch, ein schm\u00fcckend-gestalterisches Element f\u00fcr das B\u00fcro- oder Privathaus<\/h4>\n\n\n\n<p>Flexible und Professionelle Verschattung, auch von senkrechten und schr\u00e4gen Fassaden, Balkonen und Winterg\u00e4rten. Optimale Tageslichtnutzung durch den variablen, windgesicherten Ausstellarm.Sonnenschutzfolien<\/p>\n\n\n\n<h4 class=\"wp-block-heading\">Sch\u00fctzt vor Helligkeit, UV-Strahlung und neugierigen Blicken \u2013 und hilft Energie sparen<\/h4>\n\n\n\n<p>Die auf der Scheibe kaum erkennbare helle Folie reflektiert den gr\u00f6\u00dften Teil der Sonnenstrahlen und sorgt f\u00fcr angenehm klimatisierte R\u00e4ume.<br>Bei der dunklen, absorbierenden Folie wird die Energie aufgenommen und an das Fensterglas weitergegeben. Eine zus\u00e4tzliche Verspiegelung verhindert Einblicke, ohne den Ausblick zu tr\u00fcben.<br>Gerne helfen wir Ihnen bei der Auswahl, welche Folie f\u00fcr Sie die richtige ist.<\/p>\n\n\n\n<figure class=\"wp-block-image\"><img decoding=\"async\" src=\"http:\/\/glaserei-guenther.de\/cms\/media\/156\/80_wintergartenbeschatt104x103.jpg\" alt=\"\"\/><\/figure>\n\n\n\n<p>Wintergartenbeschattungen<\/p>\n\n\n\n<h4 class=\"wp-block-heading\">Warm wie im Gew\u00e4chshaus<\/h4>\n\n\n\n<p>Sonnenstrahlen heizen Ihren Wintergarten unangenehm auf? Mit einer Wintergartenmarkise bleiben die tropischen Temperaturen vor der T\u00fcr.<br><\/p>\n","protected":false},"excerpt":{"rendered":"","protected":false},"author":1,"featured_media":0,"parent":0,"menu_order":0,"comment_status":"closed","ping_status":"closed","template":"","meta":{"ngg_post_thumbnail":0,"footnotes":""},"class_list":["post-17","page","type-page","status-publish","hentry"],"_links":{"self":[{"href":"https:\/\/glasereiguenther.de\/index.php?rest_route=\/wp\/v2\/pages\/17","targetHints":{"allow":["GET"]}}],"collection":[{"href":"https:\/\/glasereiguenther.de\/index.php?rest_route=\/wp\/v2\/pages"}],"about":[{"href":"https:\/\/glasereiguenther.de\/index.php?rest_route=\/wp\/v2\/types\/page"}],"author":[{"embeddable":true,"href":"https:\/\/glasereiguenther.de\/index.php?rest_route=\/wp\/v2\/users\/1"}],"replies":[{"embeddable":true,"href":"https:\/\/glasereiguenther.de\/index.php?rest_route=%2Fwp%2Fv2%2Fcomments&post=17"}],"version-history":[{"count":1,"href":"https:\/\/glasereiguenther.de\/index.php?rest_route=\/wp\/v2\/pages\/17\/revisions"}],"predecessor-version":[{"id":18,"href":"https:\/\/glasereiguenther.de\/index.php?rest_route=\/wp\/v2\/pages\/17\/revisions\/18"}],"wp:attachment":[{"href":"https:\/\/glasereiguenther.de\/index.php?rest_route=%2Fwp%2Fv2%2Fmedia&parent=17"}],"curies":[{"name":"wp","href":"https:\/\/api.w.org\/{rel}","templated":true}]}}