{"id":12,"date":"2019-11-26T15:02:39","date_gmt":"2019-11-26T14:02:39","guid":{"rendered":"http:\/\/glasereiguenther.de\/?page_id=12"},"modified":"2020-03-07T23:35:09","modified_gmt":"2020-03-07T22:35:09","slug":"insektenschutz","status":"publish","type":"page","link":"https:\/\/glasereiguenther.de\/?page_id=12","title":{"rendered":"Insektenschutz"},"content":{"rendered":"\n<p>Keine Chance f\u00fcr kleine Plagegeister: Wer nervt, bleibt drau\u00dfen! Wir bieten die ganze Palette im Kampf gegen Insekten, Pollen und Schmutz. <\/p>\n\n\n\n<p><\/p>\n\n\n\n<figure class=\"wp-block-image\"><img decoding=\"async\" src=\"http:\/\/glaserei-guenther.de\/cms\/media\/147\/64_fenster_spannrahmen104x103oben.jpg\" alt=\"\"\/><\/figure>\n\n\n\n<p>Insektenschutzspannrahmen<\/p>\n\n\n\n<h4 class=\"wp-block-heading\">Frische Luft zu jeder Jahreszeit<\/h4>\n\n\n\n<p>Und die kleinen, fiesen St\u00f6renfriede bleiben drau\u00dfen. Die richtige Masche: unauff\u00e4llige Insektengitter f\u00fcr Fenster und T\u00fcren, fertig und ohne Bohrl\u00f6cher montiert und passgenau, in allen Formen und Gr\u00f6\u00dfen. Vom einfachen Spannrahmen \u00fcber Rollos, Drehrahmen und Dreht\u00fcren bis hin zu Schiebet\u00fcren und -anlagen.<\/p>\n\n\n\n<figure class=\"wp-block-image\"><img decoding=\"async\" src=\"http:\/\/glaserei-guenther.de\/cms\/media\/148\/62_rollo_dachfenster104x103.jpg\" alt=\"\"\/><\/figure>\n\n\n\n<p>Insektenschutzrollos<\/p>\n\n\n\n<h4 class=\"wp-block-heading\">Einmal zuziehen und fertig<\/h4>\n\n\n\n<p>Unsere Rollos (auch als seitliche Rollos) bieten effektiven und l\u00fcckenlosen Schutz vor Insekten und passen problemlos f\u00fcr alle Fenster, sogar Dachfl\u00e4chenfenster. Die Montage erfolgt in der Regel ohne Bohrl\u00f6cher.<\/p>\n\n\n\n<figure class=\"wp-block-image\"><img decoding=\"async\" src=\"http:\/\/glaserei-guenther.de\/cms\/media\/149\/65_polltecpollenschutz104x103quer.jpg\" alt=\"\"\/><\/figure>\n\n\n\n<p>Pollenschutz f\u00fcr Allergiker<\/p>\n\n\n\n<h4 class=\"wp-block-heading\">Nie mehr laufende Nasen und ger\u00f6tete Augen<\/h4>\n\n\n\n<p>Wir empfehlen ein Pollenschutzsystem mit innovativem Schutzgewebe, dessen Spezialbeschichtung die Allergene anzieht. H\u00f6chst wirksam gegen Gr\u00e4ser- und Birkenpollen, vor allem aber auch gegen die besonders kleinen Ambrosia- und Brennnesselpollen.<\/p>\n\n\n\n<figure class=\"wp-block-image\"><img decoding=\"async\" src=\"http:\/\/glaserei-guenther.de\/cms\/media\/150\/66_kellerabdeckung104x103.jpg\" alt=\"\"\/><\/figure>\n\n\n\n<p>Kellerschachtabdeckungen<br>Insektenschutz f\u00fcr Lichtsch\u00e4chte<\/p>\n\n\n\n<h4 class=\"wp-block-heading\">Klar Schiff im Schacht bei reduziertem Reinigungsaufwand<\/h4>\n\n\n\n<p>Lassen Sie Licht und Luft in Ihren Keller, w\u00e4hrend Insekten, Kleintiere, Schmutz und Laub drau\u00dfen bleiben.&nbsp;\n\n<\/p>\n","protected":false},"excerpt":{"rendered":"","protected":false},"author":1,"featured_media":0,"parent":0,"menu_order":0,"comment_status":"closed","ping_status":"closed","template":"","meta":{"ngg_post_thumbnail":0,"footnotes":""},"class_list":["post-12","page","type-page","status-publish","hentry"],"_links":{"self":[{"href":"https:\/\/glasereiguenther.de\/index.php?rest_route=\/wp\/v2\/pages\/12","targetHints":{"allow":["GET"]}}],"collection":[{"href":"https:\/\/glasereiguenther.de\/index.php?rest_route=\/wp\/v2\/pages"}],"about":[{"href":"https:\/\/glasereiguenther.de\/index.php?rest_route=\/wp\/v2\/types\/page"}],"author":[{"embeddable":true,"href":"https:\/\/glasereiguenther.de\/index.php?rest_route=\/wp\/v2\/users\/1"}],"replies":[{"embeddable":true,"href":"https:\/\/glasereiguenther.de\/index.php?rest_route=%2Fwp%2Fv2%2Fcomments&post=12"}],"version-history":[{"count":3,"href":"https:\/\/glasereiguenther.de\/index.php?rest_route=\/wp\/v2\/pages\/12\/revisions"}],"predecessor-version":[{"id":75,"href":"https:\/\/glasereiguenther.de\/index.php?rest_route=\/wp\/v2\/pages\/12\/revisions\/75"}],"wp:attachment":[{"href":"https:\/\/glasereiguenther.de\/index.php?rest_route=%2Fwp%2Fv2%2Fmedia&parent=12"}],"curies":[{"name":"wp","href":"https:\/\/api.w.org\/{rel}","templated":true}]}}