{"id":10,"date":"2019-11-26T14:59:54","date_gmt":"2019-11-26T13:59:54","guid":{"rendered":"http:\/\/glasereiguenther.de\/?page_id=10"},"modified":"2019-11-26T14:59:54","modified_gmt":"2019-11-26T13:59:54","slug":"glasbau","status":"publish","type":"page","link":"https:\/\/glasereiguenther.de\/?page_id=10","title":{"rendered":"Glasbau"},"content":{"rendered":"\n<h4 class=\"wp-block-heading\">Glasbau<\/h4>\n\n\n\n<p>Gl\u00e4ser ohne Grenzen: Duschen, T\u00fcren, Trennw\u00e4nde und mehr. Optisch reizvoll und leicht zu montieren. Bei uns erleben Sie die praktische Vielfalt des Glases.<\/p>\n\n\n\n<figure class=\"wp-block-image\"><img decoding=\"async\" src=\"http:\/\/glaserei-guenther.de\/cms\/media\/141\/70_duschkabine104x103.jpg\" alt=\"\"\/><\/figure>\n\n\n\n<p>Glasduschen<br>Echtglasduschen<br>Duschkabinen<\/p>\n\n\n\n<h4 class=\"wp-block-heading\">Wasserspiele f\u00fcr die Sinne<\/h4>\n\n\n\n<p>Lassen Sie sich entf\u00fchren in unsere harmonischen Duschwelten aus Kristall-, Wei\u00df- oder \u00c4tzglas. Verwinkelte B\u00e4der, schr\u00e4ge Decken, kleine Nischen? Wir haben L\u00f6sungen f\u00fcr jede r\u00e4umliche Herausforderung. Unsere Echtglas-Duschen sind hochwertig und exquisit und werden f\u00fcr Sie individuell angefertigt. Wir liefern gebrauchsfertige Kabinen inklusive Dichtungen und Beschl\u00e4ge. Eine breite Auswahl an Armaturen stellen Ihnen unser Partnerunternehmen vor.Nanoschutz mit Lotus-Effekt<\/p>\n\n\n\n<h4 class=\"wp-block-heading\">Kampf dem Kalk!<\/h4>\n\n\n\n<p>Sch\u00fctzen Sie Ihre Glasoberfl\u00e4chen effektiv vor Verunreinigungen durch eine Nanoversiegelung. Spezielle Mikrostrukturen sorgen f\u00fcr den Lotus-Effekt: Verschmutzes Wasser perlt einfach ab, die Glasfl\u00e4che bleibt frei von Ablagerungen. Pflegeprodukte f\u00fcr Fenster und Dusche halten wir f\u00fcr Sie gerne bereit.<\/p>\n\n\n\n<figure class=\"wp-block-image\"><img decoding=\"async\" src=\"http:\/\/glaserei-guenther.de\/cms\/media\/143\/71_windschutzwand104x103.jpg\" alt=\"\"\/><\/figure>\n\n\n\n<p>Windfanganlagen<\/p>\n\n\n\n<h4 class=\"wp-block-heading\">Der Wind, der Wind, das himmlische Kind \u2013 muss leider drau\u00dfen bleiben!<\/h4>\n\n\n\n<p>Mit unseren \u2013 auch nachtr\u00e4glich einbaubaren \u2013 Windfanganlagen sch\u00fctzen Sie Ihren Eingangsbereich vor Zugluft und deren Folgen.<\/p>\n\n\n\n<figure class=\"wp-block-image\"><img decoding=\"async\" src=\"http:\/\/glaserei-guenther.de\/cms\/media\/144\/72_ganzglasanlage104x103.jpg\" alt=\"\"\/><\/figure>\n\n\n\n<p>Ganzglasanlagen<br>Ganzglast\u00fcren<br>Glasw\u00e4nde<br>Glastrennw\u00e4nde<\/p>\n\n\n\n<h4 class=\"wp-block-heading\">Es werde Licht<\/h4>\n\n\n\n<p>W\u00e4nde, T\u00fcren und Raumteiler aus Glas geben dem Raum Struktur, ohne ihn zu verdunkeln. Sie wirken filigran und betonen gleichzeitig die Gro\u00dffl\u00e4chigkeit. Eine L\u00f6sung so \u00e4sthetisch wie praktisch: Schutzfunktionen (Brand- und Schallschutz, W\u00e4rmed\u00e4mmung) sind problemlos integrierbar.<\/p>\n\n\n\n<figure class=\"wp-block-image\"><img decoding=\"async\" src=\"http:\/\/glaserei-guenther.de\/cms\/media\/145\/73_schiebewand104x103.jpg\" alt=\"\"\/><\/figure>\n\n\n\n<p>Horizontale Schiebewand (HSW)<br>Mobile Glasschiebew\u00e4nde<br>Faltt\u00fcranlagen<\/p>\n\n\n\n<h4 class=\"wp-block-heading\">Verschlie\u00dfen, ohne den Blick zu verstellen<\/h4>\n\n\n\n<p>Mit Schiebew\u00e4nden aus Glas zeigen Sie, was Sie zu bieten haben \u2013 auch nach Ladenschluss. Ohne Bodenf\u00fchrung und Stolperkante, extrem leicht zu bedienen und \u00e4u\u00dferst platzsparend.<\/p>\n\n\n\n<figure class=\"wp-block-image\"><img decoding=\"async\" src=\"http:\/\/glaserei-guenther.de\/cms\/media\/146\/74_glasrueckwandkueche104x103.jpg\" alt=\"\"\/><\/figure>\n\n\n\n<p>Glasr\u00fcckw\u00e4nde f\u00fcr K\u00fcchen<\/p>\n\n\n\n<h4 class=\"wp-block-heading\">Glas statt Fliesen, die geschmackvolle Alternative<\/h4>\n\n\n\n<p>Satinierte Glasr\u00fcckw\u00e4nde erm\u00f6glichen die blendfreie Ausleuchtung der gesamten Arbeitsfl\u00e4che. Wechselnde Farbeffekte r\u00fccken jedes Gericht ins richtige Licht. Hier wird Kochen zur Augenweide.\n\n<\/p>\n","protected":false},"excerpt":{"rendered":"","protected":false},"author":1,"featured_media":0,"parent":0,"menu_order":0,"comment_status":"closed","ping_status":"closed","template":"","meta":{"ngg_post_thumbnail":0,"footnotes":""},"class_list":["post-10","page","type-page","status-publish","hentry"],"_links":{"self":[{"href":"https:\/\/glasereiguenther.de\/index.php?rest_route=\/wp\/v2\/pages\/10","targetHints":{"allow":["GET"]}}],"collection":[{"href":"https:\/\/glasereiguenther.de\/index.php?rest_route=\/wp\/v2\/pages"}],"about":[{"href":"https:\/\/glasereiguenther.de\/index.php?rest_route=\/wp\/v2\/types\/page"}],"author":[{"embeddable":true,"href":"https:\/\/glasereiguenther.de\/index.php?rest_route=\/wp\/v2\/users\/1"}],"replies":[{"embeddable":true,"href":"https:\/\/glasereiguenther.de\/index.php?rest_route=%2Fwp%2Fv2%2Fcomments&post=10"}],"version-history":[{"count":1,"href":"https:\/\/glasereiguenther.de\/index.php?rest_route=\/wp\/v2\/pages\/10\/revisions"}],"predecessor-version":[{"id":11,"href":"https:\/\/glasereiguenther.de\/index.php?rest_route=\/wp\/v2\/pages\/10\/revisions\/11"}],"wp:attachment":[{"href":"https:\/\/glasereiguenther.de\/index.php?rest_route=%2Fwp%2Fv2%2Fmedia&parent=10"}],"curies":[{"name":"wp","href":"https:\/\/api.w.org\/{rel}","templated":true}]}}